{"id":20,"date":"2024-06-11T02:44:47","date_gmt":"2024-06-11T02:44:47","guid":{"rendered":"http:\/\/zeynepgurozkale.com.tr\/?page_id=20"},"modified":"2025-09-01T18:10:52","modified_gmt":"2025-09-01T18:10:52","slug":"home","status":"publish","type":"page","link":"https:\/\/zeynepgurozkale.com\/","title":{"rendered":"Ortodonti Uzman\u0131 Zeynep G\u00fcr \u00d6zkale"},"content":{"rendered":"\n\n\n\n\n<h3>Creating and Maintaining<\/h3>\n\n\n\n<h3>Ortodontik Tedavi ile<\/h3>\n\n\n\n<h1>\u00d6zg\u00fcrce G\u00fcl\u00fcmse !<\/h1>\n\n\n\n\n\n\n\n\n\n\n\n\n\n<h2>Ev Konforunda Bir Deneyim!<\/h2>\n\n\n\n<p [object NamedNodeMap]>Evet. Buras\u0131 bir muayenehane. Beraber kahve i\u00e7ip beraber keyifli vakit ge\u00e7irece\u011fimiz bir yer.<\/p>\n\n\n\n<p [object NamedNodeMap]>Ekibimiz ve muayenehanemiz her zaman keyifli sohbetler ve size en uygun tedavi i\u00e7in haz\u0131r!<\/p>\n\n\n\n\n\n\n\n\n\n\n\n<p>Di\u015f Hekimimiz sizin i\u00e7in en uygun tedaviyi planlar.<\/p>\n\n\n\n\n\n<p><span>T\u00fcm tedavi detaylar\u0131 size aktar\u0131l\u0131p uygun teda<\/span>viye karar verilir.<\/p>\n\n\n\n\n\n<p>Tedavide herhangi bir a\u011fr\u0131 hissetmezsiniz.<\/p>\n\n\n\n\n\n\n\n<h2>Di\u015f Hekimizle Tan\u0131\u015f\u0131n<\/h2>\n\n\n\n\n\n\n\n<h2>Hafize Zeynep G\u00fcr \u00d6zkale<\/h2>\n\n\n\n<p [object NamedNodeMap]>E\u011fitim Kariyeri<br>&#8211; <strong>Lisans E\u011fitimi:<\/strong> \u0130stanbul \u00dcniversitesi Di\u015f Hekimli\u011fi Fak\u00fcltesi 2008- 2013 &#8211; Fak\u00fclte 3.&#8217;s\u00fc<br>&#8211;<strong> Uzmanl\u0131k s\u0131nav\u0131:<\/strong> T\u00fckriye 11.si.<br>&#8211; <strong>Uzmanl\u0131k E\u011fitimi:<\/strong> \u0130stanbul \u00dcniversitesi 2013-2018<br><br>\u00d6zkale, Erken ortodontik tedavi, \u00e7ene ameliyat\u0131, \u015feffaf plaklar (invisalign), eri\u015fkin ortodontisi ve di\u015f esteti\u011finin psikolojiye etkisi alanlar\u0131nda \u00e7al\u0131\u015fmalar\u0131 bulunmaktad\u0131r.<br><br>Doktor Zeynep G\u00fcr \u00d6zkale T\u00fcrk Ortodonti Derne\u011fi, American Association of Orthodontics, European Orthodontics Society ve Turkish Aligner Society kurulu\u015flar\u0131na \u00fcyedir.<br><\/p>\n\n\n\n\n\n<figure class=\"wp-block-image size-large\"><img loading=\"lazy\" decoding=\"async\" width=\"683\" height=\"1024\" src=\"http:\/\/zeynepgurozkale.com.tr\/wp-content\/uploads\/2024\/07\/BulvarOrtodonti-56-Kopya-683x1024.jpg\" alt=\"\" class=\"wp-image-87\" style=\"aspect-ratio:1;object-fit:cover\" srcset=\"https:\/\/zeynepgurozkale.com\/wp-content\/uploads\/2024\/07\/BulvarOrtodonti-56-Kopya-683x1024.jpg 683w, https:\/\/zeynepgurozkale.com\/wp-content\/uploads\/2024\/07\/BulvarOrtodonti-56-Kopya-200x300.jpg 200w, https:\/\/zeynepgurozkale.com\/wp-content\/uploads\/2024\/07\/BulvarOrtodonti-56-Kopya-768x1152.jpg 768w, https:\/\/zeynepgurozkale.com\/wp-content\/uploads\/2024\/07\/BulvarOrtodonti-56-Kopya-1024x1536.jpg 1024w, https:\/\/zeynepgurozkale.com\/wp-content\/uploads\/2024\/07\/BulvarOrtodonti-56-Kopya-1365x2048.jpg 1365w, https:\/\/zeynepgurozkale.com\/wp-content\/uploads\/2024\/07\/BulvarOrtodonti-56-Kopya-scaled.jpg 1707w\" sizes=\"auto, (max-width: 683px) 100vw, 683px\" \/><\/figure>\n\n\n\n\n\n<figure class=\"wp-block-image size-large\"><img loading=\"lazy\" decoding=\"async\" width=\"1024\" height=\"728\" src=\"http:\/\/zeynepgurozkale.com\/wp-content\/uploads\/2025\/09\/IMG-20250901-WA0002-1024x728.jpg\" alt=\"\" class=\"wp-image-146\" srcset=\"https:\/\/zeynepgurozkale.com\/wp-content\/uploads\/2025\/09\/IMG-20250901-WA0002-1024x728.jpg 1024w, https:\/\/zeynepgurozkale.com\/wp-content\/uploads\/2025\/09\/IMG-20250901-WA0002-300x213.jpg 300w, https:\/\/zeynepgurozkale.com\/wp-content\/uploads\/2025\/09\/IMG-20250901-WA0002-768x546.jpg 768w, https:\/\/zeynepgurozkale.com\/wp-content\/uploads\/2025\/09\/IMG-20250901-WA0002-1536x1092.jpg 1536w, https:\/\/zeynepgurozkale.com\/wp-content\/uploads\/2025\/09\/IMG-20250901-WA0002.jpg 1600w\" sizes=\"auto, (max-width: 1024px) 100vw, 1024px\" \/><\/figure>\n\n\n\n\n\n\n\n<h2>Tedavilerimiz<\/h2>\n\n\n\n<p [object NamedNodeMap]>T\u00fcm Di\u015f Tedavilerinde size yard\u0131mc\u0131 olabiliriz.<\/p>\n\n\n\n<p [object NamedNodeMap]><\/p>\n\n\n\n\n\n\nDi\u015f Teli\n\n\n\n\u015eeffaf Plak\n\n\n\nDi\u015f Beyazlatma\n\n\n\nDi\u015f Temizli\u011fi\n\n\n\n\n\n\n\nDi\u015f Dolgusu\n\n\n\nKanal Tedavisi\n\n\n\n\u0130mplant\n\n\n\nDi\u015f \u00c7ekimi\n\n\n\n\n\n\n\n\n\n\n<p>Lorem Ipsum has been the industry&#8217;s standard dummy text ever since the 1500s.<\/p>\n\n\n\n\n\n\n","protected":false},"excerpt":{"rendered":"","protected":false},"author":1,"featured_media":0,"parent":0,"menu_order":0,"comment_status":"closed","ping_status":"closed","template":"","meta":{"pagelayer_contact_templates":[],"_pagelayer_content":"","footnotes":""},"class_list":["post-20","page","type-page","status-publish","hentry"],"_links":{"self":[{"href":"https:\/\/zeynepgurozkale.com\/index.php?rest_route=\/wp\/v2\/pages\/20","targetHints":{"allow":["GET"]}}],"collection":[{"href":"https:\/\/zeynepgurozkale.com\/index.php?rest_route=\/wp\/v2\/pages"}],"about":[{"href":"https:\/\/zeynepgurozkale.com\/index.php?rest_route=\/wp\/v2\/types\/page"}],"author":[{"embeddable":true,"href":"https:\/\/zeynepgurozkale.com\/index.php?rest_route=\/wp\/v2\/users\/1"}],"replies":[{"embeddable":true,"href":"https:\/\/zeynepgurozkale.com\/index.php?rest_route=%2Fwp%2Fv2%2Fcomments&post=20"}],"version-history":[{"count":16,"href":"https:\/\/zeynepgurozkale.com\/index.php?rest_route=\/wp\/v2\/pages\/20\/revisions"}],"predecessor-version":[{"id":147,"href":"https:\/\/zeynepgurozkale.com\/index.php?rest_route=\/wp\/v2\/pages\/20\/revisions\/147"}],"wp:attachment":[{"href":"https:\/\/zeynepgurozkale.com\/index.php?rest_route=%2Fwp%2Fv2%2Fmedia&parent=20"}],"curies":[{"name":"wp","href":"https:\/\/api.w.org\/{rel}","templated":true}]}}